{"id":9,"date":"2025-03-20T14:48:00","date_gmt":"2025-03-20T13:48:00","guid":{"rendered":"https:\/\/leitern.ch\/cms\/?page_id=9"},"modified":"2025-03-25T10:43:00","modified_gmt":"2025-03-25T09:43:00","slug":"home","status":"publish","type":"page","link":"https:\/\/leitern.ch\/cms\/","title":{"rendered":"Home"},"content":{"rendered":"\t\t<div data-elementor-type=\"wp-page\" data-elementor-id=\"9\" class=\"elementor elementor-9\">\n\t\t\t\t<div class=\"elementor-element elementor-element-0136b6a e-flex e-con-boxed e-con e-parent\" data-id=\"0136b6a\" data-element_type=\"container\" data-settings=\"{&quot;background_background&quot;:&quot;classic&quot;}\">\n\t\t\t\t\t<div class=\"e-con-inner\">\n\t\t<div class=\"elementor-element elementor-element-1949fcb e-con-full e-flex e-con e-child\" data-id=\"1949fcb\" data-element_type=\"container\" data-settings=\"{&quot;background_background&quot;:&quot;classic&quot;}\">\n\t\t\t\t<div class=\"elementor-element elementor-element-9778693 elementor-widget elementor-widget-image\" data-id=\"9778693\" data-element_type=\"widget\" data-widget_type=\"image.default\">\n\t\t\t\t<div class=\"elementor-widget-container\">\n\t\t\t\t\t\t\t\t\t\t\t\t\t\t\t<img decoding=\"async\" width=\"324\" height=\"146\" src=\"https:\/\/leitern.ch\/cms\/wp-content\/uploads\/2025\/03\/7527048-Logo_1.jpg\" class=\"attachment-large size-large wp-image-13\" alt=\"\" srcset=\"https:\/\/leitern.ch\/cms\/wp-content\/uploads\/2025\/03\/7527048-Logo_1.jpg 324w, https:\/\/leitern.ch\/cms\/wp-content\/uploads\/2025\/03\/7527048-Logo_1-300x135.jpg 300w\" sizes=\"(max-width: 324px) 100vw, 324px\" \/>\t\t\t\t\t\t\t\t\t\t\t\t\t\t\t<\/div>\n\t\t\t\t<\/div>\n\t\t\t\t<\/div>\n\t\t<div class=\"elementor-element elementor-element-a796b6f e-con-full e-flex e-con e-child\" data-id=\"a796b6f\" data-element_type=\"container\" data-settings=\"{&quot;background_background&quot;:&quot;classic&quot;}\">\n\t\t\t\t<div class=\"elementor-element elementor-element-f32f7b9 elementor-widget elementor-widget-heading\" data-id=\"f32f7b9\" data-element_type=\"widget\" data-widget_type=\"heading.default\">\n\t\t\t\t<div class=\"elementor-widget-container\">\n\t\t\t\t\t<h2 class=\"elementor-heading-title elementor-size-default\">Little Jumbo STEIGTECHNIK<\/h2>\t\t\t\t<\/div>\n\t\t\t\t<\/div>\n\t\t<div class=\"elementor-element elementor-element-68808a0 e-con-full e-flex e-con e-child\" data-id=\"68808a0\" data-element_type=\"container\">\n\t\t<div class=\"elementor-element elementor-element-81b133f e-con-full e-flex e-con e-child\" data-id=\"81b133f\" data-element_type=\"container\">\n\t\t\t\t<div class=\"elementor-element elementor-element-d7f068b elementor-widget elementor-widget-image\" data-id=\"d7f068b\" data-element_type=\"widget\" data-widget_type=\"image.default\">\n\t\t\t\t<div class=\"elementor-widget-container\">\n\t\t\t\t\t\t\t\t\t\t\t\t\t\t\t<img decoding=\"async\" width=\"194\" height=\"194\" src=\"https:\/\/leitern.ch\/cms\/wp-content\/uploads\/2025\/03\/7527159-LIttle_Jumbo_9.jpg\" class=\"attachment-large size-large wp-image-15\" alt=\"\" srcset=\"https:\/\/leitern.ch\/cms\/wp-content\/uploads\/2025\/03\/7527159-LIttle_Jumbo_9.jpg 194w, https:\/\/leitern.ch\/cms\/wp-content\/uploads\/2025\/03\/7527159-LIttle_Jumbo_9-150x150.jpg 150w\" sizes=\"(max-width: 194px) 100vw, 194px\" \/>\t\t\t\t\t\t\t\t\t\t\t\t\t\t\t<\/div>\n\t\t\t\t<\/div>\n\t\t\t\t<\/div>\n\t\t<div class=\"elementor-element elementor-element-8f96813 e-con-full e-flex e-con e-child\" data-id=\"8f96813\" data-element_type=\"container\">\n\t\t\t\t<div class=\"elementor-element elementor-element-1b89c71 elementor-widget elementor-widget-spacer\" data-id=\"1b89c71\" data-element_type=\"widget\" data-widget_type=\"spacer.default\">\n\t\t\t\t<div class=\"elementor-widget-container\">\n\t\t\t\t\t\t\t<div class=\"elementor-spacer\">\n\t\t\t<div class=\"elementor-spacer-inner\"><\/div>\n\t\t<\/div>\n\t\t\t\t\t\t<\/div>\n\t\t\t\t<\/div>\n\t\t\t\t<div class=\"elementor-element elementor-element-080e02a elementor-widget elementor-widget-text-editor\" data-id=\"080e02a\" data-element_type=\"widget\" data-widget_type=\"text-editor.default\">\n\t\t\t\t<div class=\"elementor-widget-container\">\n\t\t\t\t\t\t\t\t\t<p style=\"text-align: center;\">Susi &amp; Frank Geiger<br \/>Bachmattenstrasse 10<br \/>CH-5630 Muri AG<br \/>Tel: <a href=\"tel:0774437300\">077 \/ 443 73 00<\/a><br \/>E-Mail: <a href=\"mailto:info@leitern.ch\">info@leitern.ch<\/a><\/p>\t\t\t\t\t\t\t\t<\/div>\n\t\t\t\t<\/div>\n\t\t\t\t<\/div>\n\t\t<div class=\"elementor-element elementor-element-f43d83b e-con-full e-flex e-con e-child\" data-id=\"f43d83b\" data-element_type=\"container\">\n\t\t\t\t<div class=\"elementor-element elementor-element-da71775 elementor-widget elementor-widget-image\" data-id=\"da71775\" data-element_type=\"widget\" data-widget_type=\"image.default\">\n\t\t\t\t<div class=\"elementor-widget-container\">\n\t\t\t\t\t\t\t\t\t\t\t\t\t\t\t<img decoding=\"async\" width=\"150\" height=\"145\" src=\"https:\/\/leitern.ch\/cms\/wp-content\/uploads\/2025\/03\/7527049-Littel_Jumbo_6.jpg\" class=\"attachment-large size-large wp-image-16\" alt=\"\" \/>\t\t\t\t\t\t\t\t\t\t\t\t\t\t\t<\/div>\n\t\t\t\t<\/div>\n\t\t\t\t<\/div>\n\t\t\t\t<\/div>\n\t\t<div class=\"elementor-element elementor-element-d23d0b3 e-con-full e-flex e-con e-child\" data-id=\"d23d0b3\" data-element_type=\"container\">\n\t\t\t\t<div class=\"elementor-element elementor-element-615d347 elementor-widget elementor-widget-text-editor\" data-id=\"615d347\" data-element_type=\"widget\" data-widget_type=\"text-editor.default\">\n\t\t\t\t<div class=\"elementor-widget-container\">\n\t\t\t\t\t\t\t\t\t<p>Wir sind ein international t\u00e4tiges Unternehmen im Bereich der Steigtechnik. Unser reichhaltiges Standard-Programm umfasst \u00fcber 250 verschiedene Leiterntypen. Dar\u00fcber hinaus sind wir f\u00fcr alle Aufstiegs-Probleme zust\u00e4ndig. Erfahren, kompetent, rasch, zuverl\u00e4ssig, kosteng\u00fcnstig.<\/p>\t\t\t\t\t\t\t\t<\/div>\n\t\t\t\t<\/div>\n\t\t\t\t<div class=\"elementor-element elementor-element-b6133ba elementor-widget elementor-widget-text-editor\" data-id=\"b6133ba\" data-element_type=\"widget\" data-widget_type=\"text-editor.default\">\n\t\t\t\t<div class=\"elementor-widget-container\">\n\t\t\t\t\t\t\t\t\t<p>Suva-Konformit\u00e4t ist f\u00fcr uns selbstverst\u00e4ndlich. Die Meisten unserer Produkte liegen \u00fcber den Normen der Europ\u00e4ischen Sicherheitsvorschriften.<\/p>\t\t\t\t\t\t\t\t<\/div>\n\t\t\t\t<\/div>\n\t\t<div class=\"elementor-element elementor-element-8d01b4a e-con-full e-flex e-con e-child\" data-id=\"8d01b4a\" data-element_type=\"container\">\n\t\t<div class=\"elementor-element elementor-element-6d59200 e-con-full e-flex e-con e-child\" data-id=\"6d59200\" data-element_type=\"container\">\n\t\t\t\t<div class=\"elementor-element elementor-element-a3ea26c elementor-widget elementor-widget-image\" data-id=\"a3ea26c\" data-element_type=\"widget\" data-widget_type=\"image.default\">\n\t\t\t\t<div class=\"elementor-widget-container\">\n\t\t\t\t\t\t\t\t\t\t\t\t\t\t\t<img loading=\"lazy\" decoding=\"async\" width=\"348\" height=\"413\" src=\"https:\/\/leitern.ch\/cms\/wp-content\/uploads\/2025\/03\/7527032-Littel_Jumbo_5.jpg\" class=\"attachment-large size-large wp-image-19\" alt=\"\" srcset=\"https:\/\/leitern.ch\/cms\/wp-content\/uploads\/2025\/03\/7527032-Littel_Jumbo_5.jpg 348w, https:\/\/leitern.ch\/cms\/wp-content\/uploads\/2025\/03\/7527032-Littel_Jumbo_5-253x300.jpg 253w\" sizes=\"(max-width: 348px) 100vw, 348px\" \/>\t\t\t\t\t\t\t\t\t\t\t\t\t\t\t<\/div>\n\t\t\t\t<\/div>\n\t\t\t\t<\/div>\n\t\t<div class=\"elementor-element elementor-element-df69e58 e-con-full e-flex e-con e-child\" data-id=\"df69e58\" data-element_type=\"container\">\n\t\t\t\t<div class=\"elementor-element elementor-element-f36d4ce elementor-widget elementor-widget-image\" data-id=\"f36d4ce\" data-element_type=\"widget\" data-widget_type=\"image.default\">\n\t\t\t\t<div class=\"elementor-widget-container\">\n\t\t\t\t\t\t\t\t\t\t\t\t\t\t\t<img loading=\"lazy\" decoding=\"async\" width=\"281\" height=\"381\" src=\"https:\/\/leitern.ch\/cms\/wp-content\/uploads\/2025\/03\/7526997-Littel_Jumbo_1.jpg\" class=\"attachment-large size-large wp-image-17\" alt=\"\" srcset=\"https:\/\/leitern.ch\/cms\/wp-content\/uploads\/2025\/03\/7526997-Littel_Jumbo_1.jpg 281w, https:\/\/leitern.ch\/cms\/wp-content\/uploads\/2025\/03\/7526997-Littel_Jumbo_1-221x300.jpg 221w\" sizes=\"(max-width: 281px) 100vw, 281px\" \/>\t\t\t\t\t\t\t\t\t\t\t\t\t\t\t<\/div>\n\t\t\t\t<\/div>\n\t\t\t\t<\/div>\n\t\t<div class=\"elementor-element elementor-element-e6d685c e-con-full e-flex e-con e-child\" data-id=\"e6d685c\" data-element_type=\"container\">\n\t\t\t\t<div class=\"elementor-element elementor-element-e2a68d0 elementor-widget elementor-widget-image\" data-id=\"e2a68d0\" data-element_type=\"widget\" data-widget_type=\"image.default\">\n\t\t\t\t<div class=\"elementor-widget-container\">\n\t\t\t\t\t\t\t\t\t\t\t\t\t\t\t<img loading=\"lazy\" decoding=\"async\" width=\"197\" height=\"245\" src=\"https:\/\/leitern.ch\/cms\/wp-content\/uploads\/2025\/03\/7527001-Littel_Jumbo_4.jpg\" class=\"attachment-large size-large wp-image-20\" alt=\"\" \/>\t\t\t\t\t\t\t\t\t\t\t\t\t\t\t<\/div>\n\t\t\t\t<\/div>\n\t\t\t\t<\/div>\n\t\t<div class=\"elementor-element elementor-element-97e786b e-con-full e-flex e-con e-child\" data-id=\"97e786b\" data-element_type=\"container\">\n\t\t\t\t<div class=\"elementor-element elementor-element-6ee936d elementor-widget elementor-widget-image\" data-id=\"6ee936d\" data-element_type=\"widget\" data-widget_type=\"image.default\">\n\t\t\t\t<div class=\"elementor-widget-container\">\n\t\t\t\t\t\t\t\t\t\t\t\t\t\t\t<img loading=\"lazy\" decoding=\"async\" width=\"275\" height=\"525\" src=\"https:\/\/leitern.ch\/cms\/wp-content\/uploads\/2025\/03\/7526998-Littel_Jumbo_2.jpg\" class=\"attachment-large size-large wp-image-18\" alt=\"\" srcset=\"https:\/\/leitern.ch\/cms\/wp-content\/uploads\/2025\/03\/7526998-Littel_Jumbo_2.jpg 275w, https:\/\/leitern.ch\/cms\/wp-content\/uploads\/2025\/03\/7526998-Littel_Jumbo_2-157x300.jpg 157w\" sizes=\"(max-width: 275px) 100vw, 275px\" \/>\t\t\t\t\t\t\t\t\t\t\t\t\t\t\t<\/div>\n\t\t\t\t<\/div>\n\t\t\t\t<\/div>\n\t\t\t\t<\/div>\n\t\t\t\t<div class=\"elementor-element elementor-element-b568d26 elementor-widget elementor-widget-text-editor\" data-id=\"b568d26\" data-element_type=\"widget\" data-widget_type=\"text-editor.default\">\n\t\t\t\t<div class=\"elementor-widget-container\">\n\t\t\t\t\t\t\t\t\t<p>F\u00fcr den Produktekatalog verwenden Sie bitte den folgenden Link:<br \/><a href=\"https:\/\/leitern.ch\/cms\/wp-content\/uploads\/2025\/03\/Z_2212_08_01_Hauptkatalog_RED_CH_2023_01.pdf\" target=\"_blank\" rel=\"noopener\">Hauptkatalog<\/a><\/p>\t\t\t\t\t\t\t\t<\/div>\n\t\t\t\t<\/div>\n\t\t\t\t<div class=\"elementor-element elementor-element-355a515 elementor-widget elementor-widget-text-editor\" data-id=\"355a515\" data-element_type=\"widget\" data-widget_type=\"text-editor.default\">\n\t\t\t\t<div class=\"elementor-widget-container\">\n\t\t\t\t\t\t\t\t\t<p>Preisliste:<br \/><a href=\"https:\/\/leitern.ch\/cms\/wp-content\/uploads\/2025\/03\/ZARGES_CH-Preisliste_2024_zu_Hauptkatalog_2023.pdf\" target=\"_blank\" rel=\"noopener\" data-wplink-edit=\"true\">ZARGES_CH-Preisliste_2024_zu_Hauptkatalog_2023<\/a><\/p>\t\t\t\t\t\t\t\t<\/div>\n\t\t\t\t<\/div>\n\t\t\t\t<div class=\"elementor-element elementor-element-51f3801 elementor-widget elementor-widget-text-editor\" data-id=\"51f3801\" data-element_type=\"widget\" data-widget_type=\"text-editor.default\">\n\t\t\t\t<div class=\"elementor-widget-container\">\n\t\t\t\t\t\t\t\t\t<p>Besten Dank f\u00fcr Ihren Besuch auf www.leitern.ch<br \/>Susi &amp; Frank Geiger<\/p>\t\t\t\t\t\t\t\t<\/div>\n\t\t\t\t<\/div>\n\t\t\t\t<\/div>\n\t\t\t\t<\/div>\n\t\t\t\t\t<\/div>\n\t\t\t\t<\/div>\n\t\t<div class=\"elementor-element elementor-element-d21f1f1 e-flex e-con-boxed e-con e-parent\" data-id=\"d21f1f1\" data-element_type=\"container\" data-settings=\"{&quot;background_background&quot;:&quot;classic&quot;}\">\n\t\t\t\t\t<div class=\"e-con-inner\">\n\t\t\t\t<div class=\"elementor-element elementor-element-30676d8 elementor-widget elementor-widget-text-editor\" data-id=\"30676d8\" data-element_type=\"widget\" data-widget_type=\"text-editor.default\">\n\t\t\t\t<div class=\"elementor-widget-container\">\n\t\t\t\t\t\t\t\t\t<p style=\"text-align: center;\"><br \/>Little Jumbo STEIGTECHNIK | Susi &amp; Frank Geiger | Bachmattenstrasse 10, CH-5630 Muri AG | Tel: <a href=\"tel:0774437300\">077 \/ 443 73 00<\/a> | E-Mail: <a href=\"mailto:info@leitern.ch\">info@leitern.ch<\/a><\/p>\t\t\t\t\t\t\t\t<\/div>\n\t\t\t\t<\/div>\n\t\t\t\t\t<\/div>\n\t\t\t\t<\/div>\n\t\t\t\t<\/div>\n\t\t","protected":false},"excerpt":{"rendered":"<p>Little Jumbo STEIGTECHNIK Susi &amp; Frank GeigerBachmattenstrasse 10CH-5630 Muri AGTel: 077 \/ 443 73 00E-Mail: info@leitern.ch Wir sind ein international t\u00e4tiges Unternehmen im Bereich der Steigtechnik. Unser reichhaltiges Standard-Programm umfasst \u00fcber 250 verschiedene Leiterntypen. Dar\u00fcber hinaus sind wir f\u00fcr alle Aufstiegs-Probleme zust\u00e4ndig. Erfahren, kompetent, rasch, zuverl\u00e4ssig, kosteng\u00fcnstig. Suva-Konformit\u00e4t ist f\u00fcr uns selbstverst\u00e4ndlich. Die Meisten unserer&hellip;&nbsp;<a href=\"https:\/\/leitern.ch\/cms\/\" rel=\"bookmark\"><span class=\"screen-reader-text\">Home<\/span><\/a><\/p>\n","protected":false},"author":1,"featured_media":0,"parent":0,"menu_order":0,"comment_status":"closed","ping_status":"closed","template":"elementor_canvas","meta":{"neve_meta_sidebar":"","neve_meta_container":"","neve_meta_enable_content_width":"","neve_meta_content_width":0,"neve_meta_title_alignment":"","neve_meta_author_avatar":"","neve_post_elements_order":"","neve_meta_disable_header":"","neve_meta_disable_footer":"","neve_meta_disable_title":"","footnotes":""},"class_list":["post-9","page","type-page","status-publish","hentry"],"_links":{"self":[{"href":"https:\/\/leitern.ch\/cms\/wp-json\/wp\/v2\/pages\/9","targetHints":{"allow":["GET"]}}],"collection":[{"href":"https:\/\/leitern.ch\/cms\/wp-json\/wp\/v2\/pages"}],"about":[{"href":"https:\/\/leitern.ch\/cms\/wp-json\/wp\/v2\/types\/page"}],"author":[{"embeddable":true,"href":"https:\/\/leitern.ch\/cms\/wp-json\/wp\/v2\/users\/1"}],"replies":[{"embeddable":true,"href":"https:\/\/leitern.ch\/cms\/wp-json\/wp\/v2\/comments?post=9"}],"version-history":[{"count":28,"href":"https:\/\/leitern.ch\/cms\/wp-json\/wp\/v2\/pages\/9\/revisions"}],"predecessor-version":[{"id":55,"href":"https:\/\/leitern.ch\/cms\/wp-json\/wp\/v2\/pages\/9\/revisions\/55"}],"wp:attachment":[{"href":"https:\/\/leitern.ch\/cms\/wp-json\/wp\/v2\/media?parent=9"}],"curies":[{"name":"wp","href":"https:\/\/api.w.org\/{rel}","templated":true}]}}